{"id":535,"date":"2025-06-26T16:49:07","date_gmt":"2025-06-26T19:49:07","guid":{"rendered":"https:\/\/eletromidiacomercial.com.br\/?page_id=535"},"modified":"2025-06-26T16:56:44","modified_gmt":"2025-06-26T19:56:44","slug":"policy-privacy","status":"publish","type":"page","link":"https:\/\/eletromidiacomercial.com.br\/index.php\/policy-privacy\/","title":{"rendered":"Eletromidia &#8211; Pol\u00edtica de privacidade"},"content":{"rendered":"\t\t<div data-elementor-type=\"wp-page\" data-elementor-id=\"535\" class=\"elementor elementor-535\" data-elementor-post-type=\"page\">\n\t\t\t\t<div class=\"elementor-element elementor-element-22b0ad3 e-flex e-con-boxed e-con e-parent\" data-id=\"22b0ad3\" data-element_type=\"container\" data-settings=\"{&quot;background_background&quot;:&quot;classic&quot;}\">\n\t\t\t\t\t<div class=\"e-con-inner\">\n\t\t\t\t<div class=\"elementor-element elementor-element-c1cbd04 elementor-widget__width-initial animated-slow elementor-invisible elementor-widget elementor-widget-image\" data-id=\"c1cbd04\" data-element_type=\"widget\" data-settings=\"{&quot;_animation&quot;:&quot;fadeInLeft&quot;}\" data-widget_type=\"image.default\">\n\t\t\t\t<div class=\"elementor-widget-container\">\n\t\t\t\t\t\t\t\t\t\t\t\t\t\t\t<img fetchpriority=\"high\" decoding=\"async\" width=\"603\" height=\"583\" src=\"https:\/\/eletromidiacomercial.com.br\/wp-content\/uploads\/2024\/11\/ELETROMIDIA-BANNER-1V4.png\" class=\"attachment-full size-full wp-image-269\" alt=\"\" srcset=\"https:\/\/eletromidiacomercial.com.br\/wp-content\/uploads\/2024\/11\/ELETROMIDIA-BANNER-1V4.png 603w, https:\/\/eletromidiacomercial.com.br\/wp-content\/uploads\/2024\/11\/ELETROMIDIA-BANNER-1V4-300x290.png 300w\" sizes=\"(max-width: 603px) 100vw, 603px\" \/>\t\t\t\t\t\t\t\t\t\t\t\t\t\t\t<\/div>\n\t\t\t\t<\/div>\n\t\t<div class=\"elementor-element elementor-element-e494b20 e-con-full e-flex e-con e-child\" data-id=\"e494b20\" data-element_type=\"container\">\n\t\t\t\t<div class=\"elementor-element elementor-element-240c5c0 elementor-widget elementor-widget-image\" data-id=\"240c5c0\" data-element_type=\"widget\" data-widget_type=\"image.default\">\n\t\t\t\t<div class=\"elementor-widget-container\">\n\t\t\t\t\t\t\t\t\t\t\t\t\t\t\t<img decoding=\"async\" width=\"300\" height=\"82\" src=\"https:\/\/eletromidiacomercial.com.br\/wp-content\/uploads\/2024\/11\/eletromidia-para-BC-300x82.png\" class=\"attachment-medium size-medium wp-image-349\" alt=\"\" srcset=\"https:\/\/eletromidiacomercial.com.br\/wp-content\/uploads\/2024\/11\/eletromidia-para-BC-300x82.png 300w, https:\/\/eletromidiacomercial.com.br\/wp-content\/uploads\/2024\/11\/eletromidia-para-BC-1024x281.png 1024w, https:\/\/eletromidiacomercial.com.br\/wp-content\/uploads\/2024\/11\/eletromidia-para-BC-768x211.png 768w, https:\/\/eletromidiacomercial.com.br\/wp-content\/uploads\/2024\/11\/eletromidia-para-BC-1536x422.png 1536w, https:\/\/eletromidiacomercial.com.br\/wp-content\/uploads\/2024\/11\/eletromidia-para-BC-2048x563.png 2048w\" sizes=\"(max-width: 300px) 100vw, 300px\" \/>\t\t\t\t\t\t\t\t\t\t\t\t\t\t\t<\/div>\n\t\t\t\t<\/div>\n\t\t\t\t<div class=\"elementor-element elementor-element-371f05e elementor-widget__width-inherit elementor-widget elementor-widget-heading\" data-id=\"371f05e\" data-element_type=\"widget\" data-widget_type=\"heading.default\">\n\t\t\t\t<div class=\"elementor-widget-container\">\n\t\t\t\t\t<h1 class=\"elementor-heading-title elementor-size-default\">Pol\u00edtica de privacidade<\/h1>\t\t\t\t<\/div>\n\t\t\t\t<\/div>\n\t\t\t\t<div class=\"elementor-element elementor-element-7963144 elementor-widget elementor-widget-text-editor\" data-id=\"7963144\" data-element_type=\"widget\" data-widget_type=\"text-editor.default\">\n\t\t\t\t<div class=\"elementor-widget-container\">\n\t\t\t\t\t\t\t\t\t<p><strong>Compromisso com a transpar\u00eancia e a seguran\u00e7a dos seus dados.<\/strong><\/p><p>Na Eletromidia, levamos a sua privacidade a s\u00e9rio. Esta Pol\u00edtica de Privacidade tem como objetivo esclarecer como coletamos, usamos e protegemos as informa\u00e7\u00f5es pessoais fornecidas por voc\u00ea ao interagir com nossos canais digitais, plataformas e a\u00e7\u00f5es comerciais.<\/p><p>Coletamos apenas os dados necess\u00e1rios para oferecer uma experi\u00eancia personalizada, responder \u00e0s suas solicita\u00e7\u00f5es e manter contato com empresas e profissionais interessados em nossas solu\u00e7\u00f5es de m\u00eddia out-of-home.<\/p><p>Seus dados s\u00e3o tratados com responsabilidade, conforme as normas da Lei Geral de Prote\u00e7\u00e3o de Dados (LGPD), e nunca s\u00e3o compartilhados com terceiros sem o seu consentimento.<\/p><p>Voc\u00ea pode solicitar a revis\u00e3o, atualiza\u00e7\u00e3o ou exclus\u00e3o dos seus dados a qualquer momento. Para isso, entre em contato com a nossa equipe pelo e-mail: <strong><a href=\"mailto:contato@eletromidiapara.com.br\">contato@eletromidia.com.br<\/a><\/strong><\/p><p>\u00a0<\/p><p>A Eletromidia acredita na constru\u00e7\u00e3o de rela\u00e7\u00f5es baseadas na confian\u00e7a. Estamos aqui para garantir que sua jornada com a gente seja segura, \u00e9tica e transparente.<\/p>\t\t\t\t\t\t\t\t<\/div>\n\t\t\t\t<\/div>\n\t\t\t\t<\/div>\n\t\t\t\t\t<\/div>\n\t\t\t\t<\/div>\n\t\t<div class=\"elementor-element elementor-element-18362b3 e-flex e-con-boxed e-con e-parent\" data-id=\"18362b3\" data-element_type=\"container\" data-settings=\"{&quot;background_background&quot;:&quot;classic&quot;}\">\n\t\t\t\t\t<div class=\"e-con-inner\">\n\t\t<div class=\"elementor-element elementor-element-00aff7d e-con-full e-flex e-con e-child\" data-id=\"00aff7d\" data-element_type=\"container\">\n\t\t\t\t<div class=\"elementor-element elementor-element-d1b8599 e-transform elementor-widget elementor-widget-image\" data-id=\"d1b8599\" data-element_type=\"widget\" data-settings=\"{&quot;_transform_scale_effect&quot;:{&quot;unit&quot;:&quot;px&quot;,&quot;size&quot;:1.1999999999999999555910790149937383830547332763671875,&quot;sizes&quot;:[]},&quot;_transform_scale_effect_tablet&quot;:{&quot;unit&quot;:&quot;px&quot;,&quot;size&quot;:&quot;&quot;,&quot;sizes&quot;:[]},&quot;_transform_scale_effect_mobile&quot;:{&quot;unit&quot;:&quot;px&quot;,&quot;size&quot;:&quot;&quot;,&quot;sizes&quot;:[]}}\" data-widget_type=\"image.default\">\n\t\t\t\t<div class=\"elementor-widget-container\">\n\t\t\t\t\t\t\t\t\t\t\t\t\t\t\t<img decoding=\"async\" width=\"1024\" height=\"281\" src=\"https:\/\/eletromidiacomercial.com.br\/wp-content\/uploads\/2024\/11\/eletromidia-para-BC-1024x281.png\" class=\"attachment-large size-large wp-image-349\" alt=\"\" srcset=\"https:\/\/eletromidiacomercial.com.br\/wp-content\/uploads\/2024\/11\/eletromidia-para-BC-1024x281.png 1024w, https:\/\/eletromidiacomercial.com.br\/wp-content\/uploads\/2024\/11\/eletromidia-para-BC-300x82.png 300w, https:\/\/eletromidiacomercial.com.br\/wp-content\/uploads\/2024\/11\/eletromidia-para-BC-768x211.png 768w, https:\/\/eletromidiacomercial.com.br\/wp-content\/uploads\/2024\/11\/eletromidia-para-BC-1536x422.png 1536w, https:\/\/eletromidiacomercial.com.br\/wp-content\/uploads\/2024\/11\/eletromidia-para-BC-2048x563.png 2048w\" sizes=\"(max-width: 1024px) 100vw, 1024px\" \/>\t\t\t\t\t\t\t\t\t\t\t\t\t\t\t<\/div>\n\t\t\t\t<\/div>\n\t\t\t\t<\/div>\n\t\t<div class=\"elementor-element elementor-element-da9e341 e-con-full e-flex e-con e-child\" data-id=\"da9e341\" data-element_type=\"container\">\n\t\t\t\t<div class=\"elementor-element elementor-element-a8225d4 elementor-widget elementor-widget-heading\" data-id=\"a8225d4\" data-element_type=\"widget\" data-widget_type=\"heading.default\">\n\t\t\t\t<div class=\"elementor-widget-container\">\n\t\t\t\t\t<h2 class=\"elementor-heading-title elementor-size-default\">Redes sociais<\/h2>\t\t\t\t<\/div>\n\t\t\t\t<\/div>\n\t\t\t\t<div class=\"elementor-element elementor-element-d494954 elementor-shape-rounded elementor-grid-0 e-grid-align-center elementor-widget elementor-widget-social-icons\" data-id=\"d494954\" data-element_type=\"widget\" data-widget_type=\"social-icons.default\">\n\t\t\t\t<div class=\"elementor-widget-container\">\n\t\t\t\t\t\t\t<div class=\"elementor-social-icons-wrapper elementor-grid\">\n\t\t\t\t\t\t\t<span class=\"elementor-grid-item\">\n\t\t\t\t\t<a class=\"elementor-icon elementor-social-icon elementor-social-icon-facebook elementor-repeater-item-ee12ecb\" href=\"https:\/\/www.facebook.com\/profile.php?id=61555001252503\" target=\"_blank\">\n\t\t\t\t\t\t<span class=\"elementor-screen-only\">Facebook<\/span>\n\t\t\t\t\t\t<svg class=\"e-font-icon-svg e-fab-facebook\" viewBox=\"0 0 512 512\" xmlns=\"http:\/\/www.w3.org\/2000\/svg\"><path d=\"M504 256C504 119 393 8 256 8S8 119 8 256c0 123.78 90.69 226.38 209.25 245V327.69h-63V256h63v-54.64c0-62.15 37-96.48 93.67-96.48 27.14 0 55.52 4.84 55.52 4.84v61h-31.28c-30.8 0-40.41 19.12-40.41 38.73V256h68.78l-11 71.69h-57.78V501C413.31 482.38 504 379.78 504 256z\"><\/path><\/svg>\t\t\t\t\t<\/a>\n\t\t\t\t<\/span>\n\t\t\t\t\t\t\t<span class=\"elementor-grid-item\">\n\t\t\t\t\t<a class=\"elementor-icon elementor-social-icon elementor-social-icon-instagram elementor-repeater-item-169a1e5\" href=\"https:\/\/www.instagram.com\/eletromidia_para\" target=\"_blank\">\n\t\t\t\t\t\t<span class=\"elementor-screen-only\">Instagram<\/span>\n\t\t\t\t\t\t<svg class=\"e-font-icon-svg e-fab-instagram\" viewBox=\"0 0 448 512\" xmlns=\"http:\/\/www.w3.org\/2000\/svg\"><path d=\"M224.1 141c-63.6 0-114.9 51.3-114.9 114.9s51.3 114.9 114.9 114.9S339 319.5 339 255.9 287.7 141 224.1 141zm0 189.6c-41.1 0-74.7-33.5-74.7-74.7s33.5-74.7 74.7-74.7 74.7 33.5 74.7 74.7-33.6 74.7-74.7 74.7zm146.4-194.3c0 14.9-12 26.8-26.8 26.8-14.9 0-26.8-12-26.8-26.8s12-26.8 26.8-26.8 26.8 12 26.8 26.8zm76.1 27.2c-1.7-35.9-9.9-67.7-36.2-93.9-26.2-26.2-58-34.4-93.9-36.2-37-2.1-147.9-2.1-184.9 0-35.8 1.7-67.6 9.9-93.9 36.1s-34.4 58-36.2 93.9c-2.1 37-2.1 147.9 0 184.9 1.7 35.9 9.9 67.7 36.2 93.9s58 34.4 93.9 36.2c37 2.1 147.9 2.1 184.9 0 35.9-1.7 67.7-9.9 93.9-36.2 26.2-26.2 34.4-58 36.2-93.9 2.1-37 2.1-147.8 0-184.8zM398.8 388c-7.8 19.6-22.9 34.7-42.6 42.6-29.5 11.7-99.5 9-132.1 9s-102.7 2.6-132.1-9c-19.6-7.8-34.7-22.9-42.6-42.6-11.7-29.5-9-99.5-9-132.1s-2.6-102.7 9-132.1c7.8-19.6 22.9-34.7 42.6-42.6 29.5-11.7 99.5-9 132.1-9s102.7-2.6 132.1 9c19.6 7.8 34.7 22.9 42.6 42.6 11.7 29.5 9 99.5 9 132.1s2.7 102.7-9 132.1z\"><\/path><\/svg>\t\t\t\t\t<\/a>\n\t\t\t\t<\/span>\n\t\t\t\t\t<\/div>\n\t\t\t\t\t\t<\/div>\n\t\t\t\t<\/div>\n\t\t\t\t<\/div>\n\t\t<div class=\"elementor-element elementor-element-9d5e0dc e-con-full e-flex e-con e-child\" data-id=\"9d5e0dc\" data-element_type=\"container\">\n\t\t\t\t<div class=\"elementor-element elementor-element-6556105 elementor-widget elementor-widget-heading\" data-id=\"6556105\" data-element_type=\"widget\" data-widget_type=\"heading.default\">\n\t\t\t\t<div class=\"elementor-widget-container\">\n\t\t\t\t\t<h2 class=\"elementor-heading-title elementor-size-default\">CNPJ<\/h2>\t\t\t\t<\/div>\n\t\t\t\t<\/div>\n\t\t\t\t<div class=\"elementor-element elementor-element-165355d elementor-align-center elementor-icon-list--layout-traditional elementor-list-item-link-full_width elementor-widget elementor-widget-icon-list\" data-id=\"165355d\" data-element_type=\"widget\" data-widget_type=\"icon-list.default\">\n\t\t\t\t<div class=\"elementor-widget-container\">\n\t\t\t\t\t\t\t<ul class=\"elementor-icon-list-items\">\n\t\t\t\t\t\t\t<li class=\"elementor-icon-list-item\">\n\t\t\t\t\t\t\t\t\t\t<span class=\"elementor-icon-list-text\">38.477.746\/0001-63<\/span>\n\t\t\t\t\t\t\t\t\t<\/li>\n\t\t\t\t\t\t<\/ul>\n\t\t\t\t\t\t<\/div>\n\t\t\t\t<\/div>\n\t\t\t\t<\/div>\n\t\t<div class=\"elementor-element elementor-element-5ce5ce5 e-con-full e-flex e-con e-child\" data-id=\"5ce5ce5\" data-element_type=\"container\">\n\t\t\t\t<div class=\"elementor-element elementor-element-29ceb2c elementor-widget elementor-widget-heading\" data-id=\"29ceb2c\" data-element_type=\"widget\" data-widget_type=\"heading.default\">\n\t\t\t\t<div class=\"elementor-widget-container\">\n\t\t\t\t\t<h2 class=\"elementor-heading-title elementor-size-default\">Localiza\u00e7\u00e3o<\/h2>\t\t\t\t<\/div>\n\t\t\t\t<\/div>\n\t\t\t\t<div class=\"elementor-element elementor-element-ac4c2fb elementor-widget elementor-widget-heading\" data-id=\"ac4c2fb\" data-element_type=\"widget\" data-widget_type=\"heading.default\">\n\t\t\t\t<div class=\"elementor-widget-container\">\n\t\t\t\t\t<h2 class=\"elementor-heading-title elementor-size-default\"><a href=\"https:\/\/maps.app.goo.gl\/dCAnBs6UjtUzwQvE6\">Av. Washington Soares, 4835 - Jos\u00e9 de Alencar, Fortaleza - CE, 60830-005<\/a><\/h2>\t\t\t\t<\/div>\n\t\t\t\t<\/div>\n\t\t\t\t<\/div>\n\t\t\t\t\t<\/div>\n\t\t\t\t<\/div>\n\t\t\t\t<\/div>\n\t\t","protected":false},"excerpt":{"rendered":"<p>Pol\u00edtica de privacidade Compromisso com a transpar\u00eancia e a seguran\u00e7a dos seus dados. Na Eletromidia, levamos a sua privacidade a s\u00e9rio. Esta Pol\u00edtica de Privacidade tem como objetivo esclarecer como coletamos, usamos e protegemos as informa\u00e7\u00f5es pessoais fornecidas por voc\u00ea ao interagir com nossos canais digitais, plataformas e a\u00e7\u00f5es comerciais. Coletamos apenas os dados necess\u00e1rios [&hellip;]<\/p>\n","protected":false},"author":1,"featured_media":0,"parent":0,"menu_order":0,"comment_status":"closed","ping_status":"closed","template":"elementor_canvas","meta":{"content-type":"","footnotes":""},"class_list":["post-535","page","type-page","status-publish","hentry"],"_links":{"self":[{"href":"https:\/\/eletromidiacomercial.com.br\/index.php\/wp-json\/wp\/v2\/pages\/535","targetHints":{"allow":["GET"]}}],"collection":[{"href":"https:\/\/eletromidiacomercial.com.br\/index.php\/wp-json\/wp\/v2\/pages"}],"about":[{"href":"https:\/\/eletromidiacomercial.com.br\/index.php\/wp-json\/wp\/v2\/types\/page"}],"author":[{"embeddable":true,"href":"https:\/\/eletromidiacomercial.com.br\/index.php\/wp-json\/wp\/v2\/users\/1"}],"replies":[{"embeddable":true,"href":"https:\/\/eletromidiacomercial.com.br\/index.php\/wp-json\/wp\/v2\/comments?post=535"}],"version-history":[{"count":7,"href":"https:\/\/eletromidiacomercial.com.br\/index.php\/wp-json\/wp\/v2\/pages\/535\/revisions"}],"predecessor-version":[{"id":542,"href":"https:\/\/eletromidiacomercial.com.br\/index.php\/wp-json\/wp\/v2\/pages\/535\/revisions\/542"}],"wp:attachment":[{"href":"https:\/\/eletromidiacomercial.com.br\/index.php\/wp-json\/wp\/v2\/media?parent=535"}],"curies":[{"name":"wp","href":"https:\/\/api.w.org\/{rel}","templated":true}]}}